{"id":3174,"date":"2020-08-07T12:27:46","date_gmt":"2020-08-07T12:27:46","guid":{"rendered":"https:\/\/fpibonaire.com\/home\/"},"modified":"2022-03-02T21:38:32","modified_gmt":"2022-03-02T21:38:32","slug":"home","status":"publish","type":"page","link":"https:\/\/fpibonaire.com\/pap\/","title":{"rendered":"Home"},"content":{"rendered":"\t\t<div data-elementor-type=\"wp-page\" data-elementor-id=\"3174\" class=\"elementor elementor-3174 elementor-340\">\n\t\t\t\t\t\t<section class=\"elementor-section elementor-top-section elementor-element elementor-element-1cb6575 elementor-section-full_width elementor-section-height-default elementor-section-height-default gs-locked-section-no\" data-id=\"1cb6575\" data-element_type=\"section\" data-e-type=\"section\" data-settings=\"{&quot;background_background&quot;:&quot;classic&quot;}\">\n\t\t\t\t\t\t<div class=\"elementor-container elementor-column-gap-default\">\n\t\t\t\t\t<div class=\"elementor-column elementor-col-100 elementor-top-column elementor-element elementor-element-f57515f\" data-id=\"f57515f\" data-element_type=\"column\" data-e-type=\"column\">\n\t\t\t<div class=\"elementor-widget-wrap elementor-element-populated\">\n\t\t\t\t\t\t<section class=\"elementor-section elementor-inner-section elementor-element elementor-element-9f389f8 elementor-section-content-middle elementor-section-boxed elementor-section-height-default elementor-section-height-default gs-locked-section-no\" data-id=\"9f389f8\" data-element_type=\"section\" data-e-type=\"section\">\n\t\t\t\t\t\t<div class=\"elementor-container elementor-column-gap-default\">\n\t\t\t\t\t<div class=\"elementor-column elementor-col-50 elementor-inner-column elementor-element elementor-element-fb9ac1f\" data-id=\"fb9ac1f\" data-element_type=\"column\" data-e-type=\"column\">\n\t\t\t<div class=\"elementor-widget-wrap elementor-element-populated\">\n\t\t\t\t\t\t<div class=\"elementor-element elementor-element-f39ff0b elementor-widget elementor-widget-text-editor\" data-id=\"f39ff0b\" data-element_type=\"widget\" data-e-type=\"widget\" data-widget_type=\"text-editor.default\">\n\t\t\t\t<div class=\"elementor-widget-container\">\n\t\t\t\t\t\t\t\t\t<p>Fundashon Propiedat Inmobil Boneiru (FPIB) ta desaroy\u00e1, realis\u00e1 i maneh\u00e1 proyektonan di konstrukshon na Boneiru riba enkargo di gobi\u00e8rnu. Na e momentu ak\u00ed tin finalisashon di e programa di alohamentu di skol riba ag\u00e8nda.<\/p><p>FPIB ta un fundashon independiente ku ta eksist\u00ed for di 2019. Nos hendenan di fishi ta profeshonalnan ku ta aktua ophetivamente ora di desaroy\u00e1 i realis\u00e1 e proyektonan.<\/p>\t\t\t\t\t\t\t\t<\/div>\n\t\t\t\t<\/div>\n\t\t\t\t<div class=\"elementor-element elementor-element-3c41940 elementor-widget elementor-widget-button\" data-id=\"3c41940\" data-element_type=\"widget\" data-e-type=\"widget\" data-widget_type=\"button.default\">\n\t\t\t\t<div class=\"elementor-widget-container\">\n\t\t\t\t\t\t\t\t\t<div class=\"elementor-button-wrapper\">\n\t\t\t\t\t<a class=\"elementor-button elementor-button-link elementor-size-sm\" href=\"\/pap\/proyekto\/\">\n\t\t\t\t\t\t<span class=\"elementor-button-content-wrapper\">\n\t\t\t\t\t\t\t\t\t<span class=\"elementor-button-text\">Wak e proyektonan<\/span>\n\t\t\t\t\t<\/span>\n\t\t\t\t\t<\/a>\n\t\t\t\t<\/div>\n\t\t\t\t\t\t\t\t<\/div>\n\t\t\t\t<\/div>\n\t\t\t\t\t<\/div>\n\t\t<\/div>\n\t\t\t\t<div class=\"elementor-column elementor-col-50 elementor-inner-column elementor-element elementor-element-f8f2104\" data-id=\"f8f2104\" data-element_type=\"column\" data-e-type=\"column\">\n\t\t\t<div class=\"elementor-widget-wrap elementor-element-populated\">\n\t\t\t\t\t\t<div class=\"elementor-element elementor-element-694f63d elementor-widget elementor-widget-image\" data-id=\"694f63d\" data-element_type=\"widget\" data-e-type=\"widget\" data-widget_type=\"image.default\">\n\t\t\t\t<div class=\"elementor-widget-container\">\n\t\t\t\t\t\t\t\t\t\t\t\t\t\t\t<img fetchpriority=\"high\" decoding=\"async\" width=\"1024\" height=\"1024\" src=\"https:\/\/fpibonaire.com\/wp-content\/uploads\/2022\/01\/MBO-afbeelding-voor-Homepage-1024x1024.jpg\" class=\"attachment-large size-large wp-image-3051\" alt=\"\" srcset=\"https:\/\/fpibonaire.com\/wp-content\/uploads\/2022\/01\/MBO-afbeelding-voor-Homepage-1024x1024.jpg 1024w, https:\/\/fpibonaire.com\/wp-content\/uploads\/2022\/01\/MBO-afbeelding-voor-Homepage-300x300.jpg 300w, https:\/\/fpibonaire.com\/wp-content\/uploads\/2022\/01\/MBO-afbeelding-voor-Homepage-150x150.jpg 150w, https:\/\/fpibonaire.com\/wp-content\/uploads\/2022\/01\/MBO-afbeelding-voor-Homepage-768x768.jpg 768w, https:\/\/fpibonaire.com\/wp-content\/uploads\/2022\/01\/MBO-afbeelding-voor-Homepage-500x500.jpg 500w, https:\/\/fpibonaire.com\/wp-content\/uploads\/2022\/01\/MBO-afbeelding-voor-Homepage-1000x1000.jpg 1000w, https:\/\/fpibonaire.com\/wp-content\/uploads\/2022\/01\/MBO-afbeelding-voor-Homepage.jpg 1125w\" sizes=\"(max-width: 1024px) 100vw, 1024px\" \/>\t\t\t\t\t\t\t\t\t\t\t\t\t\t\t<\/div>\n\t\t\t\t<\/div>\n\t\t\t\t\t<\/div>\n\t\t<\/div>\n\t\t\t\t\t<\/div>\n\t\t<\/section>\n\t\t\t\t\t<\/div>\n\t\t<\/div>\n\t\t\t\t\t<\/div>\n\t\t<\/section>\n\t\t\t\t<\/div>\n\t\t","protected":false},"excerpt":{"rendered":"<p>Fundashon Propiedat Inmobil Boneiru (FPIB) ta desaroy\u00e1, realis\u00e1 i maneh\u00e1 proyektonan di konstrukshon na Boneiru riba enkargo di gobi\u00e8rnu. Na e momentu ak\u00ed&#8230;<\/p>\n","protected":false},"author":1,"featured_media":0,"parent":0,"menu_order":0,"comment_status":"closed","ping_status":"closed","template":"","meta":{"_acf_changed":false,"footnotes":""},"class_list":["post-3174","page","type-page","status-publish","hentry"],"acf":[],"_links":{"self":[{"href":"https:\/\/fpibonaire.com\/pap\/wp-json\/wp\/v2\/pages\/3174","targetHints":{"allow":["GET"]}}],"collection":[{"href":"https:\/\/fpibonaire.com\/pap\/wp-json\/wp\/v2\/pages"}],"about":[{"href":"https:\/\/fpibonaire.com\/pap\/wp-json\/wp\/v2\/types\/page"}],"author":[{"embeddable":true,"href":"https:\/\/fpibonaire.com\/pap\/wp-json\/wp\/v2\/users\/1"}],"replies":[{"embeddable":true,"href":"https:\/\/fpibonaire.com\/pap\/wp-json\/wp\/v2\/comments?post=3174"}],"version-history":[{"count":5,"href":"https:\/\/fpibonaire.com\/pap\/wp-json\/wp\/v2\/pages\/3174\/revisions"}],"predecessor-version":[{"id":3397,"href":"https:\/\/fpibonaire.com\/pap\/wp-json\/wp\/v2\/pages\/3174\/revisions\/3397"}],"wp:attachment":[{"href":"https:\/\/fpibonaire.com\/pap\/wp-json\/wp\/v2\/media?parent=3174"}],"curies":[{"name":"wp","href":"https:\/\/api.w.org\/{rel}","templated":true}]}}